{"id":5923,"date":"2023-08-01T11:51:55","date_gmt":"2023-08-01T09:51:55","guid":{"rendered":"https:\/\/monplanrenov.fr\/?page_id=5923"},"modified":"2023-08-02T15:58:52","modified_gmt":"2023-08-02T13:58:52","slug":"mentions-legales","status":"publish","type":"page","link":"https:\/\/monplanrenov.fr\/index.php\/mentions-legales\/","title":{"rendered":"Mentions l\u00e9gales"},"content":{"rendered":"\t\t<div data-elementor-type=\"wp-page\" data-elementor-id=\"5923\" class=\"elementor elementor-5923\" data-elementor-post-type=\"page\">\n\t\t\t\t\t\t\t\t\t<section class=\"elementor-section elementor-top-section elementor-element elementor-element-9204909 elementor-section-boxed elementor-section-height-default elementor-section-height-default wpr-particle-no wpr-jarallax-no wpr-parallax-no wpr-sticky-section-no\" data-id=\"9204909\" data-element_type=\"section\" data-settings=\"{&quot;background_background&quot;:&quot;gradient&quot;}\">\n\t\t\t\t\t\t<div class=\"elementor-container elementor-column-gap-default\">\n\t\t\t\t\t<div class=\"elementor-column elementor-col-100 elementor-top-column elementor-element elementor-element-9fc2f05\" data-id=\"9fc2f05\" data-element_type=\"column\">\n\t\t\t<div class=\"elementor-widget-wrap elementor-element-populated\">\n\t\t\t\t\t\t\t\t<div class=\"elementor-element elementor-element-20ffe9c elementor-widget elementor-widget-heading\" data-id=\"20ffe9c\" data-element_type=\"widget\" data-widget_type=\"heading.default\">\n\t\t\t\t<div class=\"elementor-widget-container\">\n\t\t\t<style>\/*! elementor - v3.17.0 - 25-10-2023 *\/\n.elementor-heading-title{padding:0;margin:0;line-height:1}.elementor-widget-heading .elementor-heading-title[class*=elementor-size-]>a{color:inherit;font-size:inherit;line-height:inherit}.elementor-widget-heading .elementor-heading-title.elementor-size-small{font-size:15px}.elementor-widget-heading .elementor-heading-title.elementor-size-medium{font-size:19px}.elementor-widget-heading .elementor-heading-title.elementor-size-large{font-size:29px}.elementor-widget-heading .elementor-heading-title.elementor-size-xl{font-size:39px}.elementor-widget-heading .elementor-heading-title.elementor-size-xxl{font-size:59px}<\/style><h1 class=\"elementor-heading-title elementor-size-default\">Mentions l\u00e9gales<\/h1>\t\t<\/div>\n\t\t\t\t<\/div>\n\t\t\t\t<div class=\"elementor-element elementor-element-86a6a0b elementor-widget elementor-widget-text-editor\" data-id=\"86a6a0b\" data-element_type=\"widget\" data-widget_type=\"text-editor.default\">\n\t\t\t\t<div class=\"elementor-widget-container\">\n\t\t\t<style>\/*! elementor - v3.17.0 - 25-10-2023 *\/\n.elementor-widget-text-editor.elementor-drop-cap-view-stacked .elementor-drop-cap{background-color:#69727d;color:#fff}.elementor-widget-text-editor.elementor-drop-cap-view-framed .elementor-drop-cap{color:#69727d;border:3px solid;background-color:transparent}.elementor-widget-text-editor:not(.elementor-drop-cap-view-default) .elementor-drop-cap{margin-top:8px}.elementor-widget-text-editor:not(.elementor-drop-cap-view-default) .elementor-drop-cap-letter{width:1em;height:1em}.elementor-widget-text-editor .elementor-drop-cap{float:left;text-align:center;line-height:1;font-size:50px}.elementor-widget-text-editor .elementor-drop-cap-letter{display:inline-block}<\/style>\t\t\t\t<h2><span id=\"lwptoc20\">1 &#8211; \u00c9dition du site<\/span><\/h2><p>En vertu de\u00a0<a href=\"https:\/\/www.legifrance.gouv.fr\/affichTexte.do?cidTexte=JORFTEXT000000801164#LEGIARTI000042038977\" target=\"_blank\" rel=\"noreferrer noopener\">l&#8217;article 6 de la loi n\u00b0 2004-575 du 21 juin 2004<\/a>\u00a0pour la confiance dans l&#8217;\u00e9conomie num\u00e9rique, il est pr\u00e9cis\u00e9 aux utilisateurs du site internet\u00a0<strong><span class=\"ff_dynamic_value\" data-ref=\"url\" data-fallback=\"\">https:\/\/monplanrenov.fr<\/span><\/strong>\u00a0l&#8217;identit\u00e9 des diff\u00e9rents intervenants dans le cadre de sa r\u00e9alisation et de son suivi:<\/p><p><strong>Propri\u00e9taire du site :\u00a0<\/strong><span class=\"ff_dynamic_value\" data-ref=\"nom_proprietaire\" data-fallback=\"\">Mon Plan R\u00e9nov<\/span>\u00a0&#8211; Contact :\u00a0<span class=\"ff_dynamic_value\" data-ref=\"e_mail_contact\" data-fallback=\"\">contact@monplanrenov.fr<\/span>\u00a0<span class=\"ff_dynamic_value\" data-ref=\"telephone\" data-fallback=\"\">01 64 05 37 60<\/span>\u00a0&#8211; Adresse :\u00a0<span class=\"ff_dynamic_value\" data-ref=\"adresse_postale\" data-fallback=\"\">11 rue de l&#8217;aunette Bailly &#8211; Romainvilliers 77700<\/span>.<\/p><p><strong>Identification de l&#8217;entreprise :<\/strong>\u00a0<span class=\"ff_dynamic_value\" data-ref=\"forme_juridique\" data-fallback=\"\">SASU<\/span>\u00a0<span class=\"ff_dynamic_value\" data-ref=\"nom_proprietaire\" data-fallback=\"\">Mon Plan R\u00e9nov<\/span>\u00a0au capital social de\u00a0<span class=\"ff_dynamic_value\" data-ref=\"capital_social\" data-fallback=\"\">1000<\/span>\u20ac &#8211; SIREN :\u00a0<span class=\"ff_dynamic_value\" data-ref=\"siren\" data-fallback=\"\">880510052<\/span>\u00a0&#8211; RCS ou RM :\u00a0<span class=\"ff_dynamic_value\" data-ref=\"rcs\" data-fallback=\"\">Meaux B 880 510 052<\/span>\u00a0&#8211; Adresse postale :\u00a0<span class=\"ff_dynamic_value\" data-ref=\"adresse_postale\" data-fallback=\"\">11 rue de l&#8217;aunette Bailly &#8211; Romainvilliers 77700.<\/span><\/p><p><strong>Directeur de la publication :\u00a0<\/strong><span class=\"ff_dynamic_value\" data-ref=\"directeur_publication\" data-fallback=\"\">Fabrice Bonnet<\/span>\u00a0&#8211; Contact :\u00a0<span class=\"ff_dynamic_value\" data-ref=\"contact_directeur\" data-fallback=\"\">contact@monplanrenov.fr<\/span>.<\/p><p><strong>H\u00e9bergeur :<\/strong>\u00a0<span class=\"ff_dynamic_value\" data-ref=\"nom_hebergeur\" data-fallback=\"\">Hostinger<\/span>\u00a0<span class=\"ff_dynamic_value\" data-ref=\"adresse_hebergeur\" data-fallback=\"\">https:\/\/www.hostinger.fr\/<\/span><\/p><p><strong>D\u00e9l\u00e9gu\u00e9 \u00e0 la protection des donn\u00e9es :\u00a0<\/strong><span class=\"ff_dynamic_value\" data-ref=\"dpo\" data-fallback=\"\">Fabrice Bonnet<\/span>\u00a0&#8211;\u00a0<span class=\"ff_dynamic_value\" data-ref=\"contact_dpo\" data-fallback=\"\">contact@monplanrenov.fr<\/span><\/p><p><strong>Autres contributeurs :<\/strong>\u00a0<span class=\"ff_dynamic_value\" data-ref=\"autres_contributeurs\" data-fallback=\"\">Webmaster : vezwa.com<\/span><\/p><hr class=\"wp-block-separator\" \/><h2><span id=\"lwptoc21\">2 &#8211; Propri\u00e9t\u00e9 intellectuelle et contrefa\u00e7ons.<\/span><\/h2><p><strong><span class=\"ff_dynamic_value\" data-ref=\"nom_proprietaire\" data-fallback=\"\">Mon Plan R\u00e9nov<\/span><\/strong>\u00a0est propri\u00e9taire des droits de propri\u00e9t\u00e9 intellectuelle et d\u00e9tient les droits d\u2019usage sur tous les \u00e9l\u00e9ments accessibles sur le site internet, notamment les textes, images, graphismes, logos, vid\u00e9os, architecture, ic\u00f4nes et sons.<\/p><p>Toute reproduction, repr\u00e9sentation, modification, publication, adaptation de tout ou partie des \u00e9l\u00e9ments du site, quel que soit le moyen ou le proc\u00e9d\u00e9 utilis\u00e9, est interdite, sauf autorisation \u00e9crite pr\u00e9alable de\u00a0<strong><span class=\"ff_dynamic_value\" data-ref=\"nom_proprietaire\" data-fallback=\"\">Mon Plan R\u00e9nov<\/span><\/strong>.<\/p><p>Toute exploitation non autoris\u00e9e du site ou de l\u2019un quelconque des \u00e9l\u00e9ments qu\u2019il contient sera consid\u00e9r\u00e9e comme constitutive d\u2019une contrefa\u00e7on et poursuivie conform\u00e9ment aux dispositions des articles\u00a0<a href=\"https:\/\/www.legifrance.gouv.fr\/affichCodeArticle.do?idArticle=LEGIARTI000032655082&amp;cidTexte=LEGITEXT000006069414&amp;dateTexte=20160605\" target=\"_blank\" rel=\"noreferrer nofollow noopener\">L.335-2 et suivants du Code de Propri\u00e9t\u00e9 Intellectuelle<\/a>.<\/p><hr class=\"wp-block-separator\" \/><h2><span id=\"lwptoc22\">3 &#8211; Limitations de responsabilit\u00e9.<\/span><\/h2><p><strong><span class=\"ff_dynamic_value\" data-ref=\"nom_proprietaire\" data-fallback=\"\">Mon Plan R\u00e9nov<\/span><\/strong>\u00a0ne pourra \u00eatre tenu pour responsable des dommages directs et indirects caus\u00e9s au mat\u00e9riel de l\u2019utilisateur, lors de l\u2019acc\u00e8s au site\u00a0<strong><span class=\"ff_dynamic_value\" data-ref=\"url\" data-fallback=\"\">https:\/\/monplanrenov.fr<\/span><\/strong>.<\/p><p><strong><span class=\"ff_dynamic_value\" data-ref=\"nom_proprietaire\" data-fallback=\"\">Mon Plan R\u00e9nov<\/span><\/strong>\u00a0d\u00e9cline toute responsabilit\u00e9 quant \u00e0 l\u2019utilisation qui pourrait \u00eatre faite des informations et contenus pr\u00e9sents sur\u00a0<strong><span class=\"ff_dynamic_value\" data-ref=\"url\" data-fallback=\"\">https:\/\/monplanrenov.fr<\/span><\/strong>.<\/p><p><strong><span class=\"ff_dynamic_value\" data-ref=\"nom_proprietaire\" data-fallback=\"\">Mon Plan R\u00e9nov<\/span><\/strong>\u00a0s\u2019engage \u00e0 s\u00e9curiser au mieux le site\u00a0<strong><span class=\"ff_dynamic_value\" data-ref=\"url\" data-fallback=\"\">https:\/\/monplanrenov.fr<\/span><\/strong>, cependant sa responsabilit\u00e9 ne pourra \u00eatre mise en cause si des donn\u00e9es ind\u00e9sirables sont import\u00e9es et install\u00e9es sur son site \u00e0 son insu.<\/p><p>Des espaces interactifs (espace contact ou commentaires) sont \u00e0 la disposition des utilisateurs.\u00a0<strong><span class=\"ff_dynamic_value\" data-ref=\"nom_proprietaire\" data-fallback=\"\">Mon Plan R\u00e9nov<\/span><\/strong>\u00a0se r\u00e9serve le droit de supprimer, sans mise en demeure pr\u00e9alable, tout contenu d\u00e9pos\u00e9 dans cet espace qui contreviendrait \u00e0 la l\u00e9gislation applicable en France, en particulier aux dispositions relatives \u00e0 la protection des donn\u00e9es.<\/p><p>Le cas \u00e9ch\u00e9ant,\u00a0<strong><span class=\"ff_dynamic_value\" data-ref=\"nom_proprietaire\" data-fallback=\"\">Mon Plan R\u00e9nov<\/span><\/strong>\u00a0se r\u00e9serve \u00e9galement la possibilit\u00e9 de mettre en cause la responsabilit\u00e9 civile et\/ou p\u00e9nale de l\u2019utilisateur, notamment en cas de message \u00e0 caract\u00e8re raciste, injurieux, diffamant, ou pornographique, quel que soit le support utilis\u00e9 (texte, photographie \u2026).<\/p><hr class=\"wp-block-separator\" \/><h2><span id=\"lwptoc23\">4 &#8211; CNIL et gestion des donn\u00e9es personnelles.<\/span><\/h2><p>Conform\u00e9ment aux dispositions de\u00a0<a href=\"https:\/\/www.legifrance.gouv.fr\/affichTexte.do?cidTexte=JORFTEXT000000886460\" target=\"_blank\" rel=\"noreferrer nofollow noopener\">la loi 78-17 du 6 janvier 1978 modifi\u00e9e<\/a>, l\u2019utilisateur du site\u00a0<strong><span class=\"ff_dynamic_value\" data-ref=\"url\" data-fallback=\"\">https:\/\/monplanrenov.fr<\/span><\/strong>\u00a0dispose d\u2019un droit d\u2019acc\u00e8s, de modification et de suppression des informations collect\u00e9es. Pour exercer ce droit, envoyez un message \u00e0 notre D\u00e9l\u00e9gu\u00e9 \u00e0 la Protection des Donn\u00e9es :\u00a0<strong><span class=\"ff_dynamic_value\" data-ref=\"dpo\" data-fallback=\"\">Fabrice Bonnet<\/span><\/strong>\u00a0&#8211;\u00a0<strong><span class=\"ff_dynamic_value\" data-ref=\"contact_dpo\" data-fallback=\"\">contact@monplanrenov.fr<\/span><\/strong>.<\/p><p>Pour plus d&#8217;informations sur la fa\u00e7on dont nous traitons vos donn\u00e9es (type de donn\u00e9es, finalit\u00e9, destinataire&#8230;), lisez notre <a href=\"https:\/\/monplanrenov.fr\/index.php\/politique-de-confidentialite\/\"><strong><span class=\"ff_dynamic_value\" data-ref=\"politique_confidentialite\" data-fallback=\"\">Politique de confidentialit\u00e9<\/span><\/strong><\/a>.<\/p><hr class=\"wp-block-separator\" \/><h2><span id=\"lwptoc24\">5 &#8211; Liens hypertextes et cookies<\/span><\/h2><p>Le site\u00a0<strong><span class=\"ff_dynamic_value\" data-ref=\"url\" data-fallback=\"\">https:\/\/monplanrenov.fr<\/span><\/strong>\u00a0contient des liens hypertextes vers d\u2019autres sites et d\u00e9gage toute responsabilit\u00e9 \u00e0 propos de ces liens externes ou des liens cr\u00e9\u00e9s par d\u2019autres sites vers\u00a0<strong><span class=\"ff_dynamic_value\" data-ref=\"url\" data-fallback=\"\">https:\/\/monplanrenov.fr<\/span><\/strong>.<\/p><p>La navigation sur le site\u00a0<strong><span class=\"ff_dynamic_value\" data-ref=\"url\" data-fallback=\"\">https:\/\/monplanrenov.fr<\/span><\/strong>\u00a0est susceptible de provoquer l\u2019installation de cookie(s) sur l\u2019ordinateur de l\u2019utilisateur.<\/p><p>Un &#8220;cookie&#8221; est un fichier de petite taille qui enregistre des informations relatives \u00e0 la navigation d\u2019un utilisateur sur un site. Les donn\u00e9es ainsi obtenues permettent d&#8217;obtenir des mesures de fr\u00e9quentation, par exemple.<\/p><p>Vous avez la possibilit\u00e9\u00a0<strong>d\u2019accepter ou de refuser les cookies<\/strong>\u00a0en modifiant les param\u00e8tres de votre navigateur. Aucun cookie ne sera d\u00e9pos\u00e9 sans votre consentement.<\/p><p>Les cookies sont enregistr\u00e9s pour une dur\u00e9e maximale de\u00a0<span class=\"ff_dynamic_value\" data-ref=\"cookies\" data-fallback=\"\">1<\/span>\u00a0mois.<\/p><p>Pour plus d&#8217;informations sur la fa\u00e7on dont nous faisons usage des cookies, lisez notre\u00a0<a href=\"https:\/\/monplanrenov.fr\/index.php\/politique-de-confidentialite\/\"><strong><span class=\"ff_dynamic_value\" data-ref=\"politique_confidentialite\" data-fallback=\"\">Politique de confidentialit\u00e9<\/span><\/strong><\/a>.<\/p><hr class=\"wp-block-separator\" \/><h2><span id=\"lwptoc25\">6 &#8211; Droit applicable et attribution de juridiction.<\/span><\/h2><p>Tout litige en relation avec l\u2019utilisation du site\u00a0<strong><span class=\"ff_dynamic_value\" data-ref=\"url\" data-fallback=\"\">https:\/\/monplanrenov.fr<\/span><\/strong>\u00a0est soumis au droit fran\u00e7ais. En dehors des cas o\u00f9 la loi ne le permet pas, il est fait attribution exclusive de juridiction aux tribunaux comp\u00e9tents de\u00a0<strong><span class=\"ff_dynamic_value\" data-ref=\"ville_du_tribunal\" data-fallback=\"\">Meaux<\/span><\/strong>.<\/p>\t\t\t\t\t\t<\/div>\n\t\t\t\t<\/div>\n\t\t\t\t\t<\/div>\n\t\t<\/div>\n\t\t\t\t\t\t\t<\/div>\n\t\t<\/section>\n\t\t\t\t\t\t\t<\/div>\n\t\t","protected":false},"excerpt":{"rendered":"<p>Mentions l\u00e9gales 1 &#8211; \u00c9dition du site En vertu de\u00a0l&#8217;article 6 de la loi n\u00b0 2004-575 du 21 juin 2004\u00a0pour la confiance dans l&#8217;\u00e9conomie num\u00e9rique, il est pr\u00e9cis\u00e9 aux utilisateurs du site internet\u00a0https:\/\/monplanrenov.fr\u00a0l&#8217;identit\u00e9 des diff\u00e9rents intervenants dans le cadre de sa r\u00e9alisation et de son suivi: Propri\u00e9taire du site :\u00a0Mon Plan R\u00e9nov\u00a0&#8211; Contact :\u00a0contact@monplanrenov.fr\u00a001 64 &hellip;<\/p>\n<p class=\"read-more\"> <a class=\"\" href=\"https:\/\/monplanrenov.fr\/index.php\/mentions-legales\/\"> <span class=\"screen-reader-text\">Mentions l\u00e9gales<\/span> Lire la suite\u00a0\u00bb<\/a><\/p>\n","protected":false},"author":1,"featured_media":0,"parent":0,"menu_order":0,"comment_status":"closed","ping_status":"closed","template":"elementor_header_footer","meta":{"site-sidebar-layout":"no-sidebar","site-content-layout":"page-builder","ast-global-header-display":"","ast-main-header-display":"","ast-hfb-above-header-display":"","ast-hfb-below-header-display":"","ast-hfb-mobile-header-display":"","site-post-title":"disabled","ast-breadcrumbs-content":"","ast-featured-img":"disabled","footer-sml-layout":"","theme-transparent-header-meta":"enabled","adv-header-id-meta":"","stick-header-meta":"","header-above-stick-meta":"","header-main-stick-meta":"","header-below-stick-meta":""},"aioseo_notices":[],"yoast_head":"<!-- This site is optimized with the Yoast SEO plugin v21.4 - https:\/\/yoast.com\/wordpress\/plugins\/seo\/ -->\n<title>Mentions l\u00e9gales - Mon Plan R\u00e9nov<\/title>\n<meta name=\"robots\" content=\"index, follow, max-snippet:-1, max-image-preview:large, max-video-preview:-1\" \/>\n<link rel=\"canonical\" href=\"https:\/\/monplanrenov.fr\/index.php\/mentions-legales\/\" \/>\n<meta property=\"og:locale\" content=\"fr_FR\" \/>\n<meta property=\"og:type\" content=\"article\" \/>\n<meta property=\"og:title\" content=\"Mentions l\u00e9gales - Mon Plan R\u00e9nov\" \/>\n<meta property=\"og:description\" content=\"Mentions l\u00e9gales 1 &#8211; \u00c9dition du site En vertu de\u00a0l&#8217;article 6 de la loi n\u00b0 2004-575 du 21 juin 2004\u00a0pour la confiance dans l&#8217;\u00e9conomie num\u00e9rique, il est pr\u00e9cis\u00e9 aux utilisateurs du site internet\u00a0https:\/\/monplanrenov.fr\u00a0l&#8217;identit\u00e9 des diff\u00e9rents intervenants dans le cadre de sa r\u00e9alisation et de son suivi: Propri\u00e9taire du site :\u00a0Mon Plan R\u00e9nov\u00a0&#8211; Contact :\u00a0contact@monplanrenov.fr\u00a001 64 &hellip; Mentions l\u00e9gales Lire la suite\u00a0\u00bb\" \/>\n<meta property=\"og:url\" content=\"https:\/\/monplanrenov.fr\/index.php\/mentions-legales\/\" \/>\n<meta property=\"og:site_name\" content=\"Mon Plan R\u00e9nov\" \/>\n<meta property=\"article:modified_time\" content=\"2023-08-02T13:58:52+00:00\" \/>\n<meta name=\"twitter:card\" content=\"summary_large_image\" \/>\n<meta name=\"twitter:label1\" content=\"Dur\u00e9e de lecture estim\u00e9e\" \/>\n\t<meta name=\"twitter:data1\" content=\"4 minutes\" \/>\n<script type=\"application\/ld+json\" class=\"yoast-schema-graph\">{\"@context\":\"https:\/\/schema.org\",\"@graph\":[{\"@type\":\"WebPage\",\"@id\":\"https:\/\/monplanrenov.fr\/index.php\/mentions-legales\/\",\"url\":\"https:\/\/monplanrenov.fr\/index.php\/mentions-legales\/\",\"name\":\"Mentions l\u00e9gales - Mon Plan R\u00e9nov\",\"isPartOf\":{\"@id\":\"https:\/\/monplanrenov.fr\/#website\"},\"datePublished\":\"2023-08-01T09:51:55+00:00\",\"dateModified\":\"2023-08-02T13:58:52+00:00\",\"breadcrumb\":{\"@id\":\"https:\/\/monplanrenov.fr\/index.php\/mentions-legales\/#breadcrumb\"},\"inLanguage\":\"fr-FR\",\"potentialAction\":[{\"@type\":\"ReadAction\",\"target\":[\"https:\/\/monplanrenov.fr\/index.php\/mentions-legales\/\"]}]},{\"@type\":\"BreadcrumbList\",\"@id\":\"https:\/\/monplanrenov.fr\/index.php\/mentions-legales\/#breadcrumb\",\"itemListElement\":[{\"@type\":\"ListItem\",\"position\":1,\"name\":\"Accueil\",\"item\":\"https:\/\/monplanrenov.fr\/\"},{\"@type\":\"ListItem\",\"position\":2,\"name\":\"Mentions l\u00e9gales\"}]},{\"@type\":\"WebSite\",\"@id\":\"https:\/\/monplanrenov.fr\/#website\",\"url\":\"https:\/\/monplanrenov.fr\/\",\"name\":\"Mon Plan R\u00e9nov\",\"description\":\"Votre r\u00e9novation tout-en-un\",\"publisher\":{\"@id\":\"https:\/\/monplanrenov.fr\/#organization\"},\"potentialAction\":[{\"@type\":\"SearchAction\",\"target\":{\"@type\":\"EntryPoint\",\"urlTemplate\":\"https:\/\/monplanrenov.fr\/?s={search_term_string}\"},\"query-input\":\"required name=search_term_string\"}],\"inLanguage\":\"fr-FR\"},{\"@type\":\"Organization\",\"@id\":\"https:\/\/monplanrenov.fr\/#organization\",\"name\":\"Mon Plan R\u00e9nov\",\"url\":\"https:\/\/monplanrenov.fr\/\",\"logo\":{\"@type\":\"ImageObject\",\"inLanguage\":\"fr-FR\",\"@id\":\"https:\/\/monplanrenov.fr\/#\/schema\/logo\/image\/\",\"url\":\"https:\/\/monplanrenov.fr\/wp-content\/uploads\/2023\/04\/Logo-MonPlanRenov-FINAL-Carre.png\",\"contentUrl\":\"https:\/\/monplanrenov.fr\/wp-content\/uploads\/2023\/04\/Logo-MonPlanRenov-FINAL-Carre.png\",\"width\":1135,\"height\":795,\"caption\":\"Mon Plan R\u00e9nov\"},\"image\":{\"@id\":\"https:\/\/monplanrenov.fr\/#\/schema\/logo\/image\/\"}}]}<\/script>\n<!-- \/ Yoast SEO plugin. -->","yoast_head_json":{"title":"Mentions l\u00e9gales - Mon Plan R\u00e9nov","robots":{"index":"index","follow":"follow","max-snippet":"max-snippet:-1","max-image-preview":"max-image-preview:large","max-video-preview":"max-video-preview:-1"},"canonical":"https:\/\/monplanrenov.fr\/index.php\/mentions-legales\/","og_locale":"fr_FR","og_type":"article","og_title":"Mentions l\u00e9gales - Mon Plan R\u00e9nov","og_description":"Mentions l\u00e9gales 1 &#8211; \u00c9dition du site En vertu de\u00a0l&#8217;article 6 de la loi n\u00b0 2004-575 du 21 juin 2004\u00a0pour la confiance dans l&#8217;\u00e9conomie num\u00e9rique, il est pr\u00e9cis\u00e9 aux utilisateurs du site internet\u00a0https:\/\/monplanrenov.fr\u00a0l&#8217;identit\u00e9 des diff\u00e9rents intervenants dans le cadre de sa r\u00e9alisation et de son suivi: Propri\u00e9taire du site :\u00a0Mon Plan R\u00e9nov\u00a0&#8211; Contact :\u00a0contact@monplanrenov.fr\u00a001 64 &hellip; Mentions l\u00e9gales Lire la suite\u00a0\u00bb","og_url":"https:\/\/monplanrenov.fr\/index.php\/mentions-legales\/","og_site_name":"Mon Plan R\u00e9nov","article_modified_time":"2023-08-02T13:58:52+00:00","twitter_card":"summary_large_image","twitter_misc":{"Dur\u00e9e de lecture estim\u00e9e":"4 minutes"},"schema":{"@context":"https:\/\/schema.org","@graph":[{"@type":"WebPage","@id":"https:\/\/monplanrenov.fr\/index.php\/mentions-legales\/","url":"https:\/\/monplanrenov.fr\/index.php\/mentions-legales\/","name":"Mentions l\u00e9gales - Mon Plan R\u00e9nov","isPartOf":{"@id":"https:\/\/monplanrenov.fr\/#website"},"datePublished":"2023-08-01T09:51:55+00:00","dateModified":"2023-08-02T13:58:52+00:00","breadcrumb":{"@id":"https:\/\/monplanrenov.fr\/index.php\/mentions-legales\/#breadcrumb"},"inLanguage":"fr-FR","potentialAction":[{"@type":"ReadAction","target":["https:\/\/monplanrenov.fr\/index.php\/mentions-legales\/"]}]},{"@type":"BreadcrumbList","@id":"https:\/\/monplanrenov.fr\/index.php\/mentions-legales\/#breadcrumb","itemListElement":[{"@type":"ListItem","position":1,"name":"Accueil","item":"https:\/\/monplanrenov.fr\/"},{"@type":"ListItem","position":2,"name":"Mentions l\u00e9gales"}]},{"@type":"WebSite","@id":"https:\/\/monplanrenov.fr\/#website","url":"https:\/\/monplanrenov.fr\/","name":"Mon Plan R\u00e9nov","description":"Votre r\u00e9novation tout-en-un","publisher":{"@id":"https:\/\/monplanrenov.fr\/#organization"},"potentialAction":[{"@type":"SearchAction","target":{"@type":"EntryPoint","urlTemplate":"https:\/\/monplanrenov.fr\/?s={search_term_string}"},"query-input":"required name=search_term_string"}],"inLanguage":"fr-FR"},{"@type":"Organization","@id":"https:\/\/monplanrenov.fr\/#organization","name":"Mon Plan R\u00e9nov","url":"https:\/\/monplanrenov.fr\/","logo":{"@type":"ImageObject","inLanguage":"fr-FR","@id":"https:\/\/monplanrenov.fr\/#\/schema\/logo\/image\/","url":"https:\/\/monplanrenov.fr\/wp-content\/uploads\/2023\/04\/Logo-MonPlanRenov-FINAL-Carre.png","contentUrl":"https:\/\/monplanrenov.fr\/wp-content\/uploads\/2023\/04\/Logo-MonPlanRenov-FINAL-Carre.png","width":1135,"height":795,"caption":"Mon Plan R\u00e9nov"},"image":{"@id":"https:\/\/monplanrenov.fr\/#\/schema\/logo\/image\/"}}]}},"_links":{"self":[{"href":"https:\/\/monplanrenov.fr\/index.php\/wp-json\/wp\/v2\/pages\/5923"}],"collection":[{"href":"https:\/\/monplanrenov.fr\/index.php\/wp-json\/wp\/v2\/pages"}],"about":[{"href":"https:\/\/monplanrenov.fr\/index.php\/wp-json\/wp\/v2\/types\/page"}],"author":[{"embeddable":true,"href":"https:\/\/monplanrenov.fr\/index.php\/wp-json\/wp\/v2\/users\/1"}],"replies":[{"embeddable":true,"href":"https:\/\/monplanrenov.fr\/index.php\/wp-json\/wp\/v2\/comments?post=5923"}],"version-history":[{"count":13,"href":"https:\/\/monplanrenov.fr\/index.php\/wp-json\/wp\/v2\/pages\/5923\/revisions"}],"predecessor-version":[{"id":5984,"href":"https:\/\/monplanrenov.fr\/index.php\/wp-json\/wp\/v2\/pages\/5923\/revisions\/5984"}],"wp:attachment":[{"href":"https:\/\/monplanrenov.fr\/index.php\/wp-json\/wp\/v2\/media?parent=5923"}],"curies":[{"name":"wp","href":"https:\/\/api.w.org\/{rel}","templated":true}]}}